{"id":3916,"date":"2021-09-10T11:21:58","date_gmt":"2021-09-10T11:21:58","guid":{"rendered":"https:\/\/tantienvet.com\/?post_type=product&#038;p=3916"},"modified":"2021-09-10T11:21:58","modified_gmt":"2021-09-10T11:21:58","slug":"advance-amociline-f-dac-tri-viem-phoi-cap-tinh-tieu-chay","status":"publish","type":"product","link":"https:\/\/tantienvet.com\/en\/advance-amociline-f-dac-tri-viem-phoi-cap-tinh-tieu-chay","title":{"rendered":"Advance Amociline F \u0110\u1eb7c tr\u1ecb vi\u00eam ph\u1ed5i c\u1ea5p t\u00ednh-ti\u00eau ch\u1ea3y"},"content":{"rendered":"<h2><span style=\"font-size: 14pt; color: #1e73be;\">TH\u00c0NH PH\u1ea6N: <\/span><\/h2>\n<p>Trong 1 kg ch\u1ee9a:<br \/>\nAmoxicillin &#8230;&#8230;&#8230;&#8230;&#8230;&#8230;&#8230;&#8230;&#8230;&#8230;&#8230;&#8230;&#8230;&#8230;&#8230;&#8230;&#8230;&#8230;&#8230;&#8230;&#8230;&#8230;&#8230;&#8230;&#8230;&#8230;\u2026.100.000 mg<br \/>\n(T\u01b0\u01a1ng \u0111\u01b0\u01a1ng Amoxicillin Trihydrate &#8230;&#8230;&#8230;&#8230;&#8230;&#8230;&#8230;&#8230;&#8230;&#8230;&#8230;&#8230;&#8230;115.000 mg)<br \/>\nColistin &#8230;&#8230;&#8230;&#8230;&#8230;&#8230;&#8230;&#8230;&#8230;&#8230;&#8230;&#8230;&#8230;&#8230;&#8230;&#8230;&#8230;&#8230;&#8230;&#8230;&#8230;&#8230;&#8230;&#8230;&#8230;&#8230;&#8230; 400.000.000 IU<br \/>\n(T\u01b0\u01a1ng \u0111\u01b0\u01a1ng Colistin Sulfate &#8230;&#8230;&#8230;&#8230;&#8230;&#8230;&#8230;&#8230;&#8230;&#8230;&#8230;&#8230;&#8230;&#8230; 440.000.000 IU)<\/p>\n<h2><span style=\"font-size: 14pt; color: #1e73be;\">C\u00d4NG D\u1ee4NG:<\/span><\/h2>\n<p>Tr\u1ecb nhi\u1ec5m tr\u00f9ng \u0111\u01b0\u1eddng ti\u00eau h\u00f3a, h\u00f4 h\u1ea5p v\u00e0 \u0111\u01b0\u1eddng ti\u1ebft ni\u1ec7u \u1edf b\u00ea, d\u00ea, c\u1eebu, heo, gia c\u1ea7m<\/p>\n<h3><span style=\"font-size: 14pt; color: #1e73be;\">C\u00c1CH D\u00d9NG V\u00c0 LI\u1ec0U L\u01af\u1ee2NG:<\/span><\/h3>\n<p>&#8211; G\u00e0, v\u1ecbt, c\u00fat:<br \/>\n+ Ph\u00f2ng b\u1ec7nh: 1 g\/ 4 l\u00edt n\u01b0\u1edbc ho\u1eb7c 1 g\/ 10 kg th\u1ec3 tr\u1ecdng, d\u00f9ng li\u00ean t\u1ee5c trong 3 &#8211; 5 ng\u00e0y.<br \/>\n+ Tr\u1ecb b\u1ec7nh: 1 g\/ 2 l\u00edt n\u01b0\u1edbc ho\u1eb7c 1 g\/ 5 kg th\u1ec3 tr\u1ecdng, d\u00f9ng li\u00ean t\u1ee5c trong 4 &#8211; 5 ng\u00e0y.<br \/>\n&#8211; Heo, tr\u00e2u, b\u00f2, d\u00ea, c\u1eebu:<br \/>\n+ Ph\u00f2ng b\u1ec7nh: 1 g\/ 20 kg th\u1ec3 tr\u1ecdng, d\u00f9ng li\u00ean t\u1ee5c trong 3 &#8211; 5 ng\u00e0y.<br \/>\n+ Tr\u1ecb b\u1ec7nh: 1 g\/ 10 kg th\u1ec3 tr\u1ecdng, d\u00f9ng li\u00ean t\u1ee5c 4 &#8211; 5 ng\u00e0y.<\/p>\n<h3><span style=\"font-size: 14pt; color: #1e73be;\">CH\u1ed0NG CH\u1ec8 \u0110\u1ecaNH :<\/span><\/h3>\n<p>Kh\u00f4ng s\u1eed d\u1ee5ng cho th\u00fa m\u1eabn c\u1ea3m v\u1edbi th\u00e0nh ph\u1ea7n c\u1ee7a thu\u1ed1c.<\/p>\n<h4><span style=\"font-size: 14pt; color: #1e73be;\">TH\u1edcI GIAN NG\u01afNG S\u1eec D\u1ee4NG THU\u1ed0C TR\u01af\u1edaC KHI GI\u1ebeT M\u1ed4: <\/span><\/h4>\n<p>7 ng\u00e0y<\/p>","protected":false},"excerpt":{"rendered":"<p>TH\u00c0NH PH\u1ea6N: Trong 1 kg ch\u1ee9a: Amoxicillin &#8230;&#8230;&#8230;&#8230;&#8230;&#8230;&#8230;&#8230;&#8230;&#8230;&#8230;&#8230;&#8230;&#8230;&#8230;&#8230;&#8230;&#8230;&#8230;&#8230;&#8230;&#8230;&#8230;&#8230;&#8230;&#8230;\u2026.100.000 mg (T\u01b0\u01a1ng \u0111\u01b0\u01a1ng Amoxicillin Trihydrate &#8230;&#8230;&#8230;&#8230;&#8230;&#8230;&#8230;&#8230;&#8230;&#8230;&#8230;&#8230;&#8230;115.000 mg) Colistin &#8230;&#8230;&#8230;&#8230;&#8230;&#8230;&#8230;&#8230;&#8230;&#8230;&#8230;&#8230;&#8230;&#8230;&#8230;&#8230;&#8230;&#8230;&#8230;&#8230;&#8230;&#8230;&#8230;&#8230;&#8230;&#8230;&#8230; 400.000.000 IU (T\u01b0\u01a1ng \u0111\u01b0\u01a1ng Colistin Sulfate &#8230;&#8230;&#8230;&#8230;&#8230;&#8230;&#8230;&#8230;&#8230;&#8230;&#8230;&#8230;&#8230;&#8230; 440.000.000 IU) C\u00d4NG D\u1ee4NG: Tr\u1ecb nhi\u1ec5m tr\u00f9ng \u0111\u01b0\u1eddng ti\u00eau h\u00f3a, h\u00f4 h\u1ea5p v\u00e0 \u0111\u01b0\u1eddng ti\u1ebft ni\u1ec7u \u1edf b\u00ea, d\u00ea, c\u1eebu, heo, gia c\u1ea7m C\u00c1CH D\u00d9NG V\u00c0 LI\u1ec0U L\u01af\u1ee2NG: &#8211; G\u00e0, v\u1ecbt, &hellip;<\/p>\n<p class=\"read-more\"> <a class=\"\" href=\"https:\/\/tantienvet.com\/en\/advance-amociline-f-dac-tri-viem-phoi-cap-tinh-tieu-chay\"> <span class=\"screen-reader-text\">Advance Amociline F \u0110\u1eb7c tr\u1ecb vi\u00eam ph\u1ed5i c\u1ea5p t\u00ednh-ti\u00eau ch\u1ea3y<\/span> Read More &raquo;<\/a><\/p>","protected":false},"featured_media":3917,"comment_status":"closed","ping_status":"closed","template":"","meta":{"site-sidebar-layout":"default","site-content-layout":"default","ast-main-header-display":"","ast-hfb-above-header-display":"","ast-hfb-below-header-display":"","ast-hfb-mobile-header-display":"","site-post-title":"","ast-breadcrumbs-content":"","ast-featured-img":"","footer-sml-layout":"","theme-transparent-header-meta":"default","adv-header-id-meta":"","stick-header-meta":"","header-above-stick-meta":"","header-main-stick-meta":"","header-below-stick-meta":""},"product_cat":[36],"product_tag":[],"_links":{"self":[{"href":"https:\/\/tantienvet.com\/en\/wp-json\/wp\/v2\/product\/3916"}],"collection":[{"href":"https:\/\/tantienvet.com\/en\/wp-json\/wp\/v2\/product"}],"about":[{"href":"https:\/\/tantienvet.com\/en\/wp-json\/wp\/v2\/types\/product"}],"replies":[{"embeddable":true,"href":"https:\/\/tantienvet.com\/en\/wp-json\/wp\/v2\/comments?post=3916"}],"version-history":[{"count":1,"href":"https:\/\/tantienvet.com\/en\/wp-json\/wp\/v2\/product\/3916\/revisions"}],"predecessor-version":[{"id":3919,"href":"https:\/\/tantienvet.com\/en\/wp-json\/wp\/v2\/product\/3916\/revisions\/3919"}],"wp:featuredmedia":[{"embeddable":true,"href":"https:\/\/tantienvet.com\/en\/wp-json\/wp\/v2\/media\/3917"}],"wp:attachment":[{"href":"https:\/\/tantienvet.com\/en\/wp-json\/wp\/v2\/media?parent=3916"}],"wp:term":[{"taxonomy":"product_cat","embeddable":true,"href":"https:\/\/tantienvet.com\/en\/wp-json\/wp\/v2\/product_cat?post=3916"},{"taxonomy":"product_tag","embeddable":true,"href":"https:\/\/tantienvet.com\/en\/wp-json\/wp\/v2\/product_tag?post=3916"}],"curies":[{"name":"wp","href":"https:\/\/api.w.org\/{rel}","templated":true}]}}