{"id":79,"date":"2017-12-18T06:11:48","date_gmt":"2017-12-18T06:11:48","guid":{"rendered":"https:\/\/tantienvet.com\/s\u1ea3n%20ph\u1ea9m\/bright-red-bag\/"},"modified":"2022-07-20T11:23:12","modified_gmt":"2022-07-20T11:23:12","slug":"miclozan-200-premix-tron-trong-thuc-an-tilmicosin-phosphate","status":"publish","type":"product","link":"https:\/\/tantienvet.com\/en\/miclozan-200-premix-tron-trong-thuc-an-tilmicosin-phosphate","title":{"rendered":"Miclozan\u00ae 200 Premix tr\u1ed9n trong th\u1ee9c \u0103n-Tilmicosin phosphate"},"content":{"rendered":"<h2 style=\"text-align: justify;\"><span style=\"font-size: 14pt; color: #1e73be;\"><strong>\u0110\u1eb6C T\u00cdNH C\u1ee6A MICLOZAN<sup> \u00ae<\/sup> 200 :<\/strong><\/span><\/h2>\n<p style=\"text-align: justify;\">MICLOZAN <sup>\u00ae<\/sup> 200 l\u00e0 m\u1ed9t premix d\u1ea1ng h\u1ea1t c\u00f3 ch\u1ee9a tilmicosin phosphate. Tilmicosin l\u00e0 m\u1ed9t kh\u00e1ng sinh b\u00e1n t\u1ed5ng h\u1ee3p thu\u1ed9c nh\u00f3m macrolide v\u00e0 c\u00f3 t\u00e1c \u0111\u1ed9ng l\u00ean qu\u00e1 tr\u00ecnh t\u1ed5ng h\u1ee3p protein. N\u00f3 c\u00f3 ho\u1ea1t t\u00ednh kh\u00e1ng khu\u1ea9n, nh\u01b0ng \u1edf n\u1ed3ng \u0111\u1ed9 cao l\u1ea1i c\u00f3 t\u00e1c \u0111\u1ed9ng di\u1ec7t khu\u1ea9n. Ho\u1ea1t t\u00ednh kh\u00e1ng khu\u1ea9n ch\u00ednh l\u00e0 ch\u1ed1ng l\u1ea1i vi khu\u1ea9n Gram (+) v\u00e0 m\u1ed9t s\u1ed1 vi khu\u1ea9n Gram (-) v\u00e0 <em>Mycoplasma.<\/em><\/p>\n<p style=\"text-align: justify;\"><span style=\"color: #1e73be;\"><a style=\"color: #1e73be;\" href=\"https:\/\/tantienvet.com\/san-pham\">MICLOZAN<sup> \u00ae<\/sup> 200<\/a><\/span> \u0111\u01b0\u1ee3c s\u1ea3n xu\u1ea5t theo c\u00f4ng ngh\u1ec7 Ceva Matrix Technology nh\u1eb1m t\u1ed1i \u01b0u hi\u1ec7u qu\u1ea3 \u0111i\u1ec1u tr\u1ecb b\u1ec7nh h\u00f4 h\u1ea5p tr\u00ean heo cu\u1ea3 Tilmicosin.<\/p>\n<ul style=\"list-style-type: circle; text-align: justify;\">\n<li>K\u00edch c\u1ee1 h\u1ea1t t\u01b0\u01a1ng \u0111\u1ed3ng v\u1edbi nguy\u00ean li\u1ec7u c\u00e1m, gi\u00fap ph\u00e2n b\u1ed1 \u0111\u1ed3ng \u0111\u1ec1u sau khi tr\u1ed9n.<\/li>\n<li>Sinh kh\u1ea3 d\u1ee5ng c\u1ee7a ho\u1ea1t ch\u1ea5t v\u01b0\u1ee3t h\u01a1n 95% trong 5 ph\u00fat<\/li>\n<li>Ho\u1ea1t ch\u1ea5t \u0111\u01b0\u1ee3c b\u1ea3o v\u1ec7 2 l\u1edbp: Tinh b\u1ed9t l\u00faa m\u00ec v\u00e0 h\u1ea1t d\u1ea7u<\/li>\n<li>Kh\u00f4ng t\u1ea1o b\u1ee5i gi\u00fap ch\u1ed1ng nhi\u1ec5m ch\u00e9o v\u00e0 an to\u00e0n.<\/li>\n<\/ul>\n<h2 style=\"text-align: justify;\"><span style=\"font-size: 14pt; color: #1e73be;\"><strong>CH\u1ed0NG CH\u1ec8 \u0110\u1ecaNH:<\/strong><\/span><\/h2>\n<p style=\"text-align: justify;\">S\u1ea3n ph\u1ea9m kh\u00f4ng \u0111\u01b0\u1ee3c khuy\u1ebfn c\u00e1o s\u1eed d\u1ee5ng trong giai \u0111o\u1ea1n mang thai v\u00e0 cho con b\u00fa. \u0110\u1ec3 an to\u00e0n, kh\u00f4ng d\u00f9ng tilmicosin cho heo h\u1eadu b\u1ecb \u0111ang mang thai, n\u00e1i nu\u00f4i con v\u00e0 tr\u00ean heo gi\u1ed1ng.<\/p>\n<p style=\"text-align: justify;\">M\u1ecdi th\u00f4ng tin v\u1ec1 s\u1ea3n ph\u1ea9m v\u00e0 c\u00e1ch s\u1eed d\u1ee5ng c\u00f3 th\u1ec3 tham kh\u1ea3o \u00fd ki\u1ebfn c\u00e1c b\u00e1c s\u1ef9 th\u00fa y c\u1ee7a <strong><span style=\"color: #1e73be;\"><a style=\"color: #1e73be;\" href=\"https:\/\/tantienvet.com\/\">T\u00e2n Ti\u1ebfn<\/a><\/span> <\/strong>\u0111\u1ec3 cho hi\u1ec7u qu\u1ea3 s\u1eed d\u1ee5ng v\u00e0 \u0111i\u1ec1u tr\u1ecb cao nh\u1ea5t.<\/p>\n<h3 style=\"text-align: justify;\"><span style=\"font-size: 14pt; color: #1e73be;\"><strong>LI\u1ec0U L\u01af\u1ee2NG V\u00c0 C\u00c1CH D\u00d9NG:<\/strong><\/span><\/h3>\n<p style=\"text-align: justify;\">D\u00f9ng theo \u0111\u01b0\u1eddng mi\u1ec7ng.<br \/>\n<strong><span style=\"color: #1e73be;\">Tr\u00ean heo<\/span>:<\/strong> D\u00f9ng tr\u1ed9n th\u1ee9c \u0103n v\u1edbi li\u1ec1u 8-16 mg tilmicosin\/kg th\u1ec3 tr\u1ecdng\/ng\u00e0y (t\u01b0\u01a1ng \u0111\u01b0\u01a1ng v\u1edbi kho\u1ea3ng 200 &#8211; 400 ppm tilmicosin tr\u1ed9n th\u1ee9c \u0103n) d\u00f9ng trong 15-21 ng\u00e0y.<br \/>\nVi\u1ec7c d\u00f9ng t\u0103ng li\u1ec1u tr\u1ed9n th\u1ee9c \u0103n ph\u1ee5 thu\u1ed9c v\u00e0o t\u00ecnh tr\u1ea1ng b\u1ec7nh trong tr\u1ea1i. \u0110\u1ec3 d\u00f9ng \u0111\u00fang li\u1ec1u n\u1ed3ng \u0111\u1ed9 tilmicosin n\u00ean \u0111\u01b0\u1ee3c t\u00ednh to\u00e1n c\u1ea9n th\u1eadn.<br \/>\nS\u1eed d\u1ee5ng c\u00f4ng th\u1ee9c sau:<\/p>\n<table width=\"463\">\n<tbody>\n<tr>\n<td rowspan=\"2\" width=\"156\">&nbsp;<\/p>\n<p style=\"text-align: center;\">Kg premix\/t\u1ea5n th\u1ee9c \u0103n =<\/p>\n<\/td>\n<td width=\"307\">T\u1ef7 l\u1ec7 li\u1ec1u (mg\/kg th\u1ec3 tr\u1ecdng) x th\u1ec3 tr\u1ecdng (kg)<\/td>\n<\/tr>\n<tr>\n<td width=\"307\">L\u01b0\u1ee3ng th\u1ee9c \u0103n h\u00e0ng ng\u00e0y (kg) x M\u1eadt \u0111\u1ed9 thu\u1ed1c(g\/kg)<\/td>\n<\/tr>\n<\/tbody>\n<\/table>\n<p style=\"text-align: justify;\">\u0110\u1ec3 \u0111\u1ea3m b\u1ea3o \u0111\u1ed9 \u0111\u1ed3ng \u0111\u1ec1u, n\u00ean tr\u1ed9n s\u1ea3n ph\u1ea9m v\u1edbi c\u00e1c nguy\u00ean li\u1ec7u th\u00f4 (20-50 kg) tr\u01b0\u1edbc khi cho v\u00e0o c\u00e1m th\u00e0nh ph\u1ea9m. <a href=\"https:\/\/tantienvet.com\/miclozan-200-premix-tron-trong-thuc-an-tilmicosin-phosphate\"><strong><span style=\"color: #1e73be;\">MICLOZAN<sup> \u00ae<\/sup> 200<\/span><\/strong><\/a> c\u00f3 th\u1ec3 t\u00edch h\u1ee3p v\u00e0o th\u1ee9c \u0103n vi\u00ean, v\u1edbi th\u1eddi gian ng\u1eafn nh\u1ea5t v\u00e0 nhi\u1ec7t \u0111\u1ed9 t\u1ed1i \u0111a kh\u00f4ng qu\u00e1 75<sup>o<\/sup>C.<\/p>\n<p style=\"text-align: justify;\">Vi\u1ec7c d\u00f9ng t\u0103ng li\u1ec1u tr\u1ed9n th\u1ee9c \u0103n ph\u1ee5 thu\u1ed9c v\u00e0o t\u00ecnh tr\u1ea1ng b\u1ec7nh trong tr\u1ea1i.<\/p>\n<h3 style=\"text-align: justify;\"><span style=\"font-size: 14pt; color: #1e73be;\">L\u01afU \u00dd:<\/span><\/h3>\n<p style=\"text-align: justify;\">Nh\u1eefng ng\u01b0\u1eddi c\u00f3 ti\u1ec1n s\u1eed d\u1ecb \u1ee9ng v\u1edbi tilmicosin ph\u1ea3i tr\u00e1nh ti\u1ebfp x\u00fac v\u1edbi s\u1ea3n ph\u1ea9m. Ph\u1ea3n \u1ee9ng d\u1ecb \u1ee9ng thi tho\u1ea3ng c\u00f3 th\u1ec3 nghi\u00eam tr\u1ecdng, n\u00ean tr\u00e1nh ti\u1ebfp x\u00fac tr\u1ef1c ti\u1ebfp. Kh\u00f4ng ch\u1ea1m v\u00e0o s\u1ea3n ph\u1ea9m n\u1ebfu b\u1ecb d\u1ecb \u1ee9ng v\u1edbi b\u1ea5t k\u1ef3 th\u00e0nh ph\u1ea7n n\u00e0o c\u1ee7a s\u1ea3n ph\u1ea9m.<br \/>\n\u0110\u1ec3 tr\u00e1nh ph\u01a1i nhi\u1ec5m v\u1edbi s\u1ea3n ph\u1ea9m, c\u1ea7n m\u1eb7c qu\u1ea7n \u00e1o b\u1ea3o h\u1ed9, \u0111eo k\u00ednh, g\u0103ng tay b\u1ea3o h\u1ed9 v\u00e0 kh\u1ea9u trang. Kh\u00f4ng \u0103n, u\u1ed1ng ho\u1eb7c h\u00fat thu\u1ed1c khi d\u00f9ng thu\u1ed1c \u0111i\u1ec1u tr\u1ecb cho heo. R\u1eeda s\u1ea1ch tay sau khi s\u1eed d\u1ee5ng<br \/>\nTrong tr\u01b0\u1eddng h\u1ee3p nu\u1ed1t ph\u1ea3i s\u1ea3n ph\u1ea9m, ph\u1ea3i r\u1eeda s\u1ea1ch mi\u1ec7ng ngay l\u1eadp t\u1ee9c v\u1edbi n\u01b0\u1edbc v\u00e0 \u0111i kh\u00e1m b\u00e1c s\u1ef9. Trong tr\u01b0\u1eddng h\u1ee3p ti\u1ebfp x\u00fac v\u1edbi da, r\u1eeda s\u1ea1ch v\u1edbi x\u00e0 b\u00f4ng v\u00e0 n\u01b0\u1edbc s\u1ea1ch. Trong tr\u01b0\u1eddng h\u1ee3p ti\u1ebfp x\u00fac v\u1edbi m\u1eaft, r\u1eeda tr\u00f4i s\u1ea1ch s\u1ea3n ph\u1ea9m v\u1edbi n\u01b0\u1edbc s\u1ea1ch.<\/p>\n<h3 style=\"text-align: justify;\"><span style=\"font-size: 14pt; color: #1e73be;\"><strong>T\u00c1C D\u1ee4NG PH\u1ee4:<\/strong><\/span><\/h3>\n<p style=\"text-align: justify;\">Trong v\u00e0i tr\u01b0\u1eddng h\u1ee3p hi\u1ebfm g\u1eb7p, s\u1ea3n ph\u1ea9m c\u00f3 th\u1ec3 g\u00e2y gi\u1ea3m \u0103n. \u1ea2nh h\u01b0\u1edfng n\u00e0y ch\u1ec9 tho\u00e1ng qua.<\/p>\n<h3 style=\"text-align: justify;\"><span style=\"font-size: 14pt; color: #1e73be;\"><strong>T\u01af\u01a0NG T\u00c1C:<\/strong><\/span><\/h3>\n<p style=\"text-align: justify;\">Kh\u00f4ng s\u1eed d\u1ee5ng chung v\u1edbi c\u00e1c thu\u1ed1c thu\u1ed9c nh\u00f3m Macrolide v\u00e0 Lincosamide kh\u00e1c.<br \/>\nKh\u00f4ng tr\u1ed9n c\u00f9ng v\u1edbi th\u1ee9c \u0103n c\u00f3 ch\u1ee9a Bentonite.<br \/>\nKh\u00f4ng tr\u1ed9n chung v\u1edbi c\u00e1c thu\u1ed1c kh\u00e1ng sinh kh\u00e1c.<\/p>\n<h4 style=\"text-align: justify;\"><span style=\"font-size: 14pt; color: #1e73be;\"><strong>TH\u1edcI GIAN NG\u01afNG S\u1eec D\u1ee4NG:<\/strong><\/span><\/h4>\n<p style=\"text-align: justify;\">Heo: Th\u1ecbt v\u00e0 n\u1ed9i t\u1ea1ng: 21 ng\u00e0y.<\/p>\n<h4 style=\"text-align: justify;\"><span style=\"font-size: 14pt; color: #1e73be;\"><strong>B\u1ea2O QU\u1ea2N:<\/strong><\/span><\/h4>\n<p style=\"text-align: justify;\">B\u1ea3o qu\u1ea3n s\u1ea3n ph\u1ea9m \u1edf nhi\u1ec7t \u0111\u1ed9 d\u01b0\u1edbi 25\u00baC.<br \/>\nSau khi s\u1eed d\u1ee5ng xong s\u1ea3n ph\u1ea9m c\u1ea7n k\u00e9o \u0111\u01b0\u1eddng zip \u0111\u1ec3 b\u1ea3o qu\u1ea3n s\u1ea3n ph\u1ea9m tr\u00e1nh \u00e1nh s\u00e1ng v\u00e0 \u0111\u1ed9 \u1ea9m.<\/p>\n<h4 style=\"text-align: justify;\"><span style=\"font-size: 14pt; color: #1e73be;\"><strong>QUY C\u00c1CH:<\/strong> <\/span><\/h4>\n<p style=\"text-align: justify;\">T\u00fai (5kg; 10kg; 25kg)<\/p>\n<h5 style=\"text-align: justify;\"><span style=\"color: #1e73be;\"><strong>TH\u1edcI H\u1ea0N S\u1eec D\u1ee4NG:<\/strong> <\/span><\/h5>\n<p style=\"text-align: justify;\">24 th\u00e1ng<\/p>\n<h5><span style=\"color: #1e73be;\">CH\u1ec8 D\u00d9NG TRONG TH\u00da Y<\/span><\/h5>","protected":false},"excerpt":{"rendered":"<p style=\"text-align: justify;\"><span style=\"font-size: 14pt; color: #1e73be;\"><strong>TH\u00c0NH PH\u1ea6N:<\/strong><\/span><\/p>\n<p style=\"text-align: justify;\">Tilmicosin phosphate (d\u1ea1ng ba-z\u01a1) &#8230;&#8230;200 g<br \/>\nT\u00e1 d\u01b0\u1ee3c v\u1eeba \u0111\u1ee7 &#8230;&#8230;&#8230;&#8230;&#8230;&#8230;&#8230;&#8230;&#8230;&#8230;&#8230;&#8230;.1000 g<\/p>\n<p style=\"text-align: justify;\"><span style=\"font-size: 14pt; color: #1e73be;\"><strong>CH\u1ec8 \u0110\u1ecaNH:<\/strong><\/span><\/p>\n<p style=\"text-align: justify;\">Tr\u00ean heo:<br \/>\n\u0110i\u1ec1u tr\u1ecb v\u00e0 ki\u1ec3m so\u00e1t b\u1ec7nh vi\u00eam ph\u1ed5i g\u00e2y ra b\u1edfi <em>Actinobacillus pleuropneumoniae, Mycoplasma hyopneumoniae <\/em>v\u00e0 <em>Pasteurella multocida<\/em> m\u1eabn c\u1ea3m v\u1edbi Tilmicosin<\/p>","protected":false},"featured_media":3011,"comment_status":"open","ping_status":"closed","template":"","meta":{"site-sidebar-layout":"default","site-content-layout":"default","ast-main-header-display":"","ast-hfb-above-header-display":"","ast-hfb-below-header-display":"","ast-hfb-mobile-header-display":"","site-post-title":"","ast-breadcrumbs-content":"","ast-featured-img":"","footer-sml-layout":"","theme-transparent-header-meta":"default","adv-header-id-meta":"","stick-header-meta":"default","header-above-stick-meta":"","header-main-stick-meta":"","header-below-stick-meta":""},"product_cat":[36],"product_tag":[],"_links":{"self":[{"href":"https:\/\/tantienvet.com\/en\/wp-json\/wp\/v2\/product\/79"}],"collection":[{"href":"https:\/\/tantienvet.com\/en\/wp-json\/wp\/v2\/product"}],"about":[{"href":"https:\/\/tantienvet.com\/en\/wp-json\/wp\/v2\/types\/product"}],"replies":[{"embeddable":true,"href":"https:\/\/tantienvet.com\/en\/wp-json\/wp\/v2\/comments?post=79"}],"version-history":[{"count":10,"href":"https:\/\/tantienvet.com\/en\/wp-json\/wp\/v2\/product\/79\/revisions"}],"predecessor-version":[{"id":5338,"href":"https:\/\/tantienvet.com\/en\/wp-json\/wp\/v2\/product\/79\/revisions\/5338"}],"wp:featuredmedia":[{"embeddable":true,"href":"https:\/\/tantienvet.com\/en\/wp-json\/wp\/v2\/media\/3011"}],"wp:attachment":[{"href":"https:\/\/tantienvet.com\/en\/wp-json\/wp\/v2\/media?parent=79"}],"wp:term":[{"taxonomy":"product_cat","embeddable":true,"href":"https:\/\/tantienvet.com\/en\/wp-json\/wp\/v2\/product_cat?post=79"},{"taxonomy":"product_tag","embeddable":true,"href":"https:\/\/tantienvet.com\/en\/wp-json\/wp\/v2\/product_tag?post=79"}],"curies":[{"name":"wp","href":"https:\/\/api.w.org\/{rel}","templated":true}]}}